{"id":1411,"date":"2016-03-23T12:10:33","date_gmt":"2016-03-23T12:10:33","guid":{"rendered":"http:\/\/pubblitaliaimpianti.it\/?page_id=1411"},"modified":"2016-04-14T07:47:43","modified_gmt":"2016-04-14T07:47:43","slug":"azienda","status":"publish","type":"page","link":"http:\/\/pubblitaliaimpianti.it\/web\/azienda\/","title":{"rendered":"AZIENDA"},"content":{"rendered":"<div class=\"fusion-fullwidth fullwidth-box fusion-fullwidth-1  fusion-parallax-none nonhundred-percent-fullwidth\" style=\"border-color:#eae9e9;border-bottom-width: 0px;border-top-width: 0px;border-bottom-style: solid;border-top-style: solid;padding-bottom:10px;padding-top:50px;padding-left:0px;padding-right:0px;background-color:#efeee8;\"><style type=\"text\/css\" scoped=\"scoped\">.fusion-fullwidth-1 {\n                            padding-left: 0px !important;\n                            padding-right: 0px !important;\n                        }<\/style><div class=\"fusion-row\"><div class=\"fusion-two-third fusion-layout-column fusion-spacing-yes\" style=\"margin-top:0px;margin-bottom:20px;\"><div class=\"fusion-column-wrapper\"><p><span style=\"text-align: left; color: #17497f; font-size: 32px;\">Chi siamo<\/span><\/p>\n<div class=\"fusion-sep-clear\"><\/div><div class=\"fusion-separator fusion-full-width-sep sep-none\" style=\"border-color:#e0dede;margin-left: auto;margin-right: auto;margin-top:20px;\"><\/div><div>La Pubblitalia Impianti \u00e8 una azienda che da anni opera con successo nel settore dell&#8217;arredo urbano e dell&#8217;impiantistica pubblicitaria fissa ed affissionale su tutto il territorio regionale Abruzzese.<\/div>\n<div>Le figure professionali operanti all&#8217;interno della Pubblitalia vantano una esperienza nel settore anche trentennale, che permette loro di programmare campagne affissionali, fisse e veicolari su scala Provinciale, Regionale e Nazionale, garantendo sempre il pi\u00f9 alto livello di qualit\u00e0 alle aziende commerciali ed agli Enti che ad essa si affidano per l&#8217;ideazione la realizzazione e la diffusione della loro immagine, nonch\u00e9\u00a0 per le loro campagne commerciali.<\/div>\n<div>Gli impianti della Pubblitalia, sono impianti esclusivamente autorizzati, di diverse tipologie e formati, in grado di assicurare il massimo dell&#8217;evidenza pubblicitaria grazie ad un&#8217;ampia ed omogenea diffusione sul territorio<\/div>\n<div class=\"fusion-sep-clear\"><\/div><div class=\"fusion-separator fusion-full-width-sep sep-none\" style=\"border-color:#e0dede;margin-left: auto;margin-right: auto;margin-top:20px;\"><\/div><div class=\"fusion-clearfix\"><\/div><\/div><\/div><div class=\"fusion-one-third fusion-layout-column fusion-column-last fusion-spacing-yes\" style=\"margin-top:0px;margin-bottom:20px;\"><div class=\"fusion-column-wrapper\"><div class=\"fusion-sep-clear\"><\/div><div class=\"fusion-separator fusion-full-width-sep sep-none\" style=\"border-color:#e0dede;margin-left: auto;margin-right: auto;margin-top:60px;\"><\/div><div class=\"imageframe-align-center\"><span class=\"fusion-imageframe imageframe-none imageframe-1 hover-type-none\"> <img decoding=\"async\" src=\"http:\/\/pubblitaliaimpianti.it\/web\/wp-content\/uploads\/2016\/03\/Logo-PubblItalia.png\" alt=\"\" class=\"img-responsive\"\/><\/span><\/div><div class=\"fusion-clearfix\"><\/div><\/div><\/div><div class=\"fusion-clearfix\"><\/div><\/div><\/div><div class=\"fusion-fullwidth fullwidth-box fusion-fullwidth-2  fusion-parallax-none nonhundred-percent-fullwidth\" style=\"border-color:#eae9e9;border-bottom-width: 0px;border-top-width: 0px;border-bottom-style: solid;border-top-style: solid;padding-bottom:10px;padding-top:50px;padding-left:0px;padding-right:0px;background-color:#efeee8;\"><style type=\"text\/css\" scoped=\"scoped\">.fusion-fullwidth-2 {\n                            padding-left: 0px !important;\n                            padding-right: 0px !important;\n                        }<\/style><div class=\"fusion-row\"><div class=\"fusion-one-third fusion-layout-column fusion-spacing-yes\" style=\"margin-top:0px;margin-bottom:20px;\"><div class=\"fusion-column-wrapper\"><p><span style=\"text-align: left; color: #17497f; font-size: 32px;\">Certificazioni<\/span><\/p>\n<div class=\"fusion-sep-clear\"><\/div><div class=\"fusion-separator fusion-full-width-sep sep-none\" style=\"border-color:#e0dede;margin-left: auto;margin-right: auto;margin-top:20px;\"><\/div><p>Alla Pubblitalia Impianti, nel maggio del 2013, l&#8217;istituto di Certificazione della Qualit\u00e0 ha certificato che essa\u00a0mantiene un sistema di gestione qualit\u00e0 conforme alle norme UNI ENI ISO 9001:2008<\/p>\n<div class=\"fusion-sep-clear\"><\/div><div class=\"fusion-separator fusion-full-width-sep sep-none\" style=\"border-color:#e0dede;margin-left: auto;margin-right: auto;margin-top:20px;\"><\/div><p><span style=\"text-align: left; color: #17497f; font-size: 32px;\">Rapporti con gli Enti<\/span><\/p>\n<div class=\"fusion-sep-clear\"><\/div><div class=\"fusion-separator fusion-full-width-sep sep-none\" style=\"border-color:#e0dede;margin-left: auto;margin-right: auto;margin-top:20px;\"><\/div><p>La Pubblitalia Impianti in virt\u00f9 sia delle particolari professionalit\u00e0 delle figure che operano al suo interno e della sua frequentazione nell&#8217;attivit\u00e0 dell&#8217;associazione Visual ha acquisito una notevole competenza sulle normative vigenti in materia di cartellonistica pubblicitaria e affissionale pubblica e privata che consente di proporsi ai soggetti privati agli enti come consulente per la corretta realizzazione dei loro progetti.<\/p>\n<div class=\"fusion-clearfix\"><\/div><\/div><\/div><div class=\"fusion-one-sixth fusion-layout-column fusion-spacing-yes\" style=\"margin-top:0px;margin-bottom:20px;\"><div class=\"fusion-column-wrapper\"><div class=\"fusion-sep-clear\"><\/div><div class=\"fusion-separator fusion-full-width-sep sep-none\" style=\"border-color:#e0dede;margin-left: auto;margin-right: auto;margin-top:88px;\"><\/div><style type='text\/css'>.reading-box-container-1 .element-bottomshadow:before,.reading-box-container-1 .element-bottomshadow:after{opacity:0.7;}<\/style><div class=\"fusion-reading-box-container reading-box-container-1\" style=\"margin-bottom:84px;\"><div class=\"reading-box reading-box-center\" style=\"background-color:#f6f6f6;border-width:1px;border-color:#f6f6f6;border-top-width:3px;border-top-color:#255188;border-style:solid;\"><div class=\"reading-box-additional\"><img decoding=\"async\" class=\"alignnone size-full wp-image-1419\" src=\"http:\/\/pubblitaliaimpianti.it\/web\/wp-content\/uploads\/2016\/03\/loghi-certificazione-2016.png\" alt=\"Logo-certificazione\" \/><\/div><\/div><\/div><div class=\"fusion-clearfix\"><\/div><\/div><\/div><div class=\"fusion-one-third fusion-layout-column fusion-spacing-yes\" style=\"margin-top:0px;margin-bottom:20px;\"><div class=\"fusion-column-wrapper\"><p><span style=\"text-align: left; color: #17497f; font-size: 32px;\">Collaborazioni<\/span><\/p>\n<div class=\"fusion-sep-clear\"><\/div><div class=\"fusion-separator fusion-full-width-sep sep-none\" style=\"border-color:#e0dede;margin-left: auto;margin-right: auto;margin-top:20px;\"><\/div><div>La Pubblitalia Impianti da diversi anni fa parte dell&#8217;associazione sindacale di categoria Visual che organizza le imprese operanti nei settori della impiantistica pubblicitaria e rappresenta uno strumento permanente di riferimento, di controllo, di difesa dell&#8217;immagine e miglioramento dei servizi pubblicitari che si intendono offrire all&#8217;utenza pubblica e privata nel rispetto delle procedure legislative che regolano il settore. Per\u00a0ulteriori informazioni sull&#8217;associazione \u00e8 possibile\u00a0contattare:<br \/>\nPresidente Amedeo Ranghelli<\/div>\n<div><a href=\"mailto:visualpescara@libero.it\" target=\"_blank\">visualpescara@libero.it<\/a>\u00a0 &#8211; \u00a0cell. 329\/9891139<\/div>\n<div class=\"fusion-clearfix\"><\/div><\/div><\/div><div class=\"fusion-one-sixth fusion-layout-column fusion-column-last fusion-spacing-yes\" style=\"margin-top:0px;margin-bottom:20px;\"><div class=\"fusion-column-wrapper\"><div class=\"fusion-sep-clear\"><\/div><div class=\"fusion-separator fusion-full-width-sep sep-none\" style=\"border-color:#e0dede;margin-left: auto;margin-right: auto;margin-top:88px;\"><\/div><style type='text\/css'>.reading-box-container-2 .element-bottomshadow:before,.reading-box-container-2 .element-bottomshadow:after{opacity:0.7;}<\/style><div class=\"fusion-reading-box-container reading-box-container-2\" style=\"margin-bottom:84px;\"><div class=\"reading-box reading-box-center\" style=\"background-color:#f6f6f6;border-width:1px;border-color:#f6f6f6;border-top-width:3px;border-top-color:#255188;border-style:solid;\"><div class=\"reading-box-additional\"><img decoding=\"async\" loading=\"lazy\" class=\"alignnone size-full wp-image-1422\" src=\"http:\/\/pubblitaliaimpianti.it\/web\/wp-content\/uploads\/2016\/03\/Logo-Visual.png\" alt=\"Logo-Visual\" width=\"250\" height=\"130\" srcset=\"http:\/\/pubblitaliaimpianti.it\/web\/wp-content\/uploads\/2016\/03\/Logo-Visual.png 250w, http:\/\/pubblitaliaimpianti.it\/web\/wp-content\/uploads\/2016\/03\/Logo-Visual-120x62.png 120w\" sizes=\"(max-width: 250px) 100vw, 250px\" \/><\/div><\/div><\/div><div class=\"fusion-clearfix\"><\/div><\/div><\/div><div class=\"fusion-clearfix\"><\/div><\/div><\/div>\n","protected":false},"excerpt":{"rendered":"","protected":false},"author":1,"featured_media":0,"parent":0,"menu_order":0,"comment_status":"closed","ping_status":"open","template":"100-width.php","meta":{"footnotes":""},"_links":{"self":[{"href":"http:\/\/pubblitaliaimpianti.it\/web\/wp-json\/wp\/v2\/pages\/1411"}],"collection":[{"href":"http:\/\/pubblitaliaimpianti.it\/web\/wp-json\/wp\/v2\/pages"}],"about":[{"href":"http:\/\/pubblitaliaimpianti.it\/web\/wp-json\/wp\/v2\/types\/page"}],"author":[{"embeddable":true,"href":"http:\/\/pubblitaliaimpianti.it\/web\/wp-json\/wp\/v2\/users\/1"}],"replies":[{"embeddable":true,"href":"http:\/\/pubblitaliaimpianti.it\/web\/wp-json\/wp\/v2\/comments?post=1411"}],"version-history":[{"count":31,"href":"http:\/\/pubblitaliaimpianti.it\/web\/wp-json\/wp\/v2\/pages\/1411\/revisions"}],"predecessor-version":[{"id":1728,"href":"http:\/\/pubblitaliaimpianti.it\/web\/wp-json\/wp\/v2\/pages\/1411\/revisions\/1728"}],"wp:attachment":[{"href":"http:\/\/pubblitaliaimpianti.it\/web\/wp-json\/wp\/v2\/media?parent=1411"}],"curies":[{"name":"wp","href":"https:\/\/api.w.org\/{rel}","templated":true}]}}